{"id":2,"date":"2015-11-12T15:51:03","date_gmt":"2015-11-12T14:51:03","guid":{"rendered":"http:\/\/www.nousparis.com\/?page_id=2"},"modified":"2019-07-09T12:51:58","modified_gmt":"2019-07-09T11:51:58","slug":"accueil","status":"publish","type":"page","link":"https:\/\/www.nousparis.com\/en\/","title":{"rendered":"homepage"},"content":{"rendered":"","protected":false},"excerpt":{"rendered":"","protected":false},"author":1,"featured_media":0,"parent":0,"menu_order":2,"comment_status":"closed","ping_status":"open","template":"","meta":[],"yoast_head":"<!-- This site is optimized with the Yoast SEO plugin v15.6.2 - https:\/\/yoast.com\/wordpress\/plugins\/seo\/ -->\n<title>nous | C\u00e9ramique Contemporaine et Histoires d&#039;Artisans<\/title>\n<meta name=\"description\" content=\"D\u00e9couvrez une s\u00e9lection unique de c\u00e9ramique contemporaine, vaisselle de cr\u00e9ateurs, objets d&#039;artisans et les histoires des artisans qui les fabriquent.\" \/>\n<meta name=\"robots\" content=\"index, follow, max-snippet:-1, max-image-preview:large, max-video-preview:-1\" \/>\n<link rel=\"canonical\" href=\"https:\/\/www.nousparis.com\/fr\/\" \/>\n<meta property=\"og:locale\" content=\"en_GB\" \/>\n<meta property=\"og:type\" content=\"article\" \/>\n<meta property=\"og:title\" content=\"nous | C\u00e9ramique Contemporaine et Histoires d&#039;Artisans\" \/>\n<meta property=\"og:description\" content=\"D\u00e9couvrez une s\u00e9lection unique de c\u00e9ramique contemporaine, vaisselle de cr\u00e9ateurs, objets d&#039;artisans et les histoires des artisans qui les fabriquent.\" \/>\n<meta property=\"og:url\" content=\"https:\/\/www.nousparis.com\/fr\/\" \/>\n<meta property=\"og:site_name\" content=\"nous\" \/>\n<meta property=\"article:publisher\" content=\"https:\/\/www.facebook.com\/noussavoirfaire\" \/>\n<meta property=\"article:modified_time\" content=\"2019-07-09T11:51:58+00:00\" \/>\n<meta name=\"twitter:card\" content=\"summary\" \/>\n<meta name=\"twitter:site\" content=\"@nous_paris\" \/>\n<script type=\"application\/ld+json\" class=\"yoast-schema-graph\">{\"@context\":\"https:\/\/schema.org\",\"@graph\":[{\"@type\":\"WebSite\",\"@id\":\"https:\/\/www.nousparis.com\/fr\/#website\",\"url\":\"https:\/\/www.nousparis.com\/fr\/\",\"name\":\"nous\",\"description\":\"Eshop et Boutique d&#039;objets d&#039;artisans, c\\u00e9ramiques et vaisselle cr\\u00e9ateurs\",\"potentialAction\":[{\"@type\":\"SearchAction\",\"target\":\"https:\/\/www.nousparis.com\/fr\/?s={search_term_string}\",\"query-input\":\"required name=search_term_string\"}],\"inLanguage\":\"en-GB\"},{\"@type\":\"WebPage\",\"@id\":\"https:\/\/www.nousparis.com\/fr\/#webpage\",\"url\":\"https:\/\/www.nousparis.com\/fr\/\",\"name\":\"nous | C\\u00e9ramique Contemporaine et Histoires d'Artisans\",\"isPartOf\":{\"@id\":\"https:\/\/www.nousparis.com\/fr\/#website\"},\"datePublished\":\"2015-11-12T14:51:03+00:00\",\"dateModified\":\"2019-07-09T11:51:58+00:00\",\"description\":\"D\\u00e9couvrez une s\\u00e9lection unique de c\\u00e9ramique contemporaine, vaisselle de cr\\u00e9ateurs, objets d'artisans et les histoires des artisans qui les fabriquent.\",\"inLanguage\":\"en-GB\",\"potentialAction\":[{\"@type\":\"ReadAction\",\"target\":[\"https:\/\/www.nousparis.com\/fr\/\"]}]}]}<\/script>\n<!-- \/ Yoast SEO plugin. -->","_links":{"self":[{"href":"https:\/\/www.nousparis.com\/en\/wp-json\/wp\/v2\/pages\/2"}],"collection":[{"href":"https:\/\/www.nousparis.com\/en\/wp-json\/wp\/v2\/pages"}],"about":[{"href":"https:\/\/www.nousparis.com\/en\/wp-json\/wp\/v2\/types\/page"}],"author":[{"embeddable":true,"href":"https:\/\/www.nousparis.com\/en\/wp-json\/wp\/v2\/users\/1"}],"replies":[{"embeddable":true,"href":"https:\/\/www.nousparis.com\/en\/wp-json\/wp\/v2\/comments?post=2"}],"version-history":[{"count":2,"href":"https:\/\/www.nousparis.com\/en\/wp-json\/wp\/v2\/pages\/2\/revisions"}],"predecessor-version":[{"id":728,"href":"https:\/\/www.nousparis.com\/en\/wp-json\/wp\/v2\/pages\/2\/revisions\/728"}],"wp:attachment":[{"href":"https:\/\/www.nousparis.com\/en\/wp-json\/wp\/v2\/media?parent=2"}],"curies":[{"name":"wp","href":"https:\/\/api.w.org\/{rel}","templated":true}]}}